{"id":152,"date":"2020-08-04T16:52:21","date_gmt":"2020-08-04T14:52:21","guid":{"rendered":"http:\/\/chalet-lambertus.de\/?page_id=152"},"modified":"2025-01-26T13:14:20","modified_gmt":"2025-01-26T12:14:20","slug":"preise","status":"publish","type":"page","link":"https:\/\/chalet-lambertus.de\/index.php\/preise\/","title":{"rendered":"Preise"},"content":{"rendered":"\n<h2 class=\"wp-block-heading\">Preise<\/h2>\n\n\n\n<p>In unseren Preisen enthalten sind alle Nebenkosten (au\u00dfer das Aufladen von Elektroautos), Bettw\u00e4sche, Handt\u00fccher, Feuerholz und WLAN.<\/p>\n\n\n\n<p>Sie sind eine gr\u00f6\u00dfere Gruppe und m\u00f6chten gerne beide Wohnungen mieten? Kein Problem! Sollten Sie beide Wohnungen buchen wollen, erhalten Sie die zweite Wohnung zu einem verg\u00fcnstigten Preis.<\/p>\n\n\n\n<p>Auch ist es m\u00f6glich, eine der beiden Wohnungen zu beziehen und die zweite Wohnung zu blocken, damit Sie garantiert das ganze Grundst\u00fcck f\u00fcr sich alleine haben! Besonders f\u00fcr Tierbesitzer ist dies eine Empfehlung von uns f\u00fcr Sie. So kann Ihr Haustier alleine und ungest\u00f6rt das eingez\u00e4unte Grundst\u00fcck erkunden.<\/p>\n\n\n\n<p><strong>Bitte kontaktieren Sie uns einfach, wir beraten Sie gerne und <a href=\"http:\/\/chalet-lambertus.de\/index.php\/kontakt\/\" data-type=\"URL\" data-id=\"http:\/\/chalet-lambertus.de\/index.php\/kontakt\/\">erstellen Ihnen ein Angebot<\/a>.<\/strong><\/p>\n\n\n\n<h2 class=\"wp-block-heading\">Wohnung A<\/h2>\n\n\n\n<p>Die Preise f\u00fcr Wohnung A beginnen bei 90 \u20ac je Nacht f\u00fcr 2 Personen bei Buchungen von 7 N\u00e4chten und l\u00e4nger. Jede weitere Person kostet zus\u00e4tzlich 16 \u20ac je Nacht. Bei weniger als 7 N\u00e4chten sind die Preise pro Nacht h\u00f6her!<\/p>\n\n\n\n<p>In dieser Wohnung sind auch Haustiere gestattet. Je Haustier und je Nacht berechnen wir einen Aufpreis von 5\u20ac.<\/p>\n\n\n\n<p class=\"has-small-font-size\">Preise verstehen sich inkl. Umsatzsteuer und zzgl. Reinigungskosten und Bettensteuer. Saisonal bedingt k\u00f6nnen die Preise abweichen.<\/p>\n\n\n\n<h2 class=\"wp-block-heading\">Wohnung B<\/h2>\n\n\n\n<p>Die Preise f\u00fcr Wohnung B beginnen bei 95 \u20ac je Nacht f\u00fcr 2 Personen bei Buchungen von 7 N\u00e4chten und l\u00e4nger. Jede weitere Person kostet zus\u00e4tzlich 16 \u20ac je Nacht. Bei weniger als 7 N\u00e4chten sind die Preise pro Nacht h\u00f6her!<\/p>\n\n\n\n<p>In dieser Wohnung sind auch Haustiere gestattet. Je Haustier und je Nacht berechnen wir einen Aufpreis von 5\u20ac.<\/p>\n\n\n\n<p class=\"has-small-font-size\">Preise verstehen sich inkl. Umsatzsteuer und zzgl. Reinigungskosten und Bettensteuer. Saisonal bedingt k\u00f6nnen die Preise abweichen.<\/p>\n","protected":false},"excerpt":{"rendered":"<p>Preise In unseren Preisen enthalten sind alle Nebenkosten (au\u00dfer das Aufladen von Elektroautos), Bettw\u00e4sche, Handt\u00fccher, Feuerholz und WLAN. Sie sind eine gr\u00f6\u00dfere Gruppe und m\u00f6chten gerne beide Wohnungen mieten? Kein Problem! Sollten Sie beide Wohnungen buchen wollen, erhalten Sie die <a href=\"https:\/\/chalet-lambertus.de\/index.php\/preise\/\" class=\"more-link\">Weiterlesen<\/a><\/p>\n","protected":false},"author":1,"featured_media":0,"parent":0,"menu_order":0,"comment_status":"closed","ping_status":"closed","template":"","meta":{"footnotes":""},"class_list":["post-152","page","type-page","status-publish","hentry"],"_links":{"self":[{"href":"https:\/\/chalet-lambertus.de\/index.php\/wp-json\/wp\/v2\/pages\/152","targetHints":{"allow":["GET"]}}],"collection":[{"href":"https:\/\/chalet-lambertus.de\/index.php\/wp-json\/wp\/v2\/pages"}],"about":[{"href":"https:\/\/chalet-lambertus.de\/index.php\/wp-json\/wp\/v2\/types\/page"}],"author":[{"embeddable":true,"href":"https:\/\/chalet-lambertus.de\/index.php\/wp-json\/wp\/v2\/users\/1"}],"replies":[{"embeddable":true,"href":"https:\/\/chalet-lambertus.de\/index.php\/wp-json\/wp\/v2\/comments?post=152"}],"version-history":[{"count":14,"href":"https:\/\/chalet-lambertus.de\/index.php\/wp-json\/wp\/v2\/pages\/152\/revisions"}],"predecessor-version":[{"id":497,"href":"https:\/\/chalet-lambertus.de\/index.php\/wp-json\/wp\/v2\/pages\/152\/revisions\/497"}],"wp:attachment":[{"href":"https:\/\/chalet-lambertus.de\/index.php\/wp-json\/wp\/v2\/media?parent=152"}],"curies":[{"name":"wp","href":"https:\/\/api.w.org\/{rel}","templated":true}]}}