{"id":10,"date":"2020-08-04T15:04:38","date_gmt":"2020-08-04T13:04:38","guid":{"rendered":"http:\/\/chalet-lambertus.de\/?page_id=10"},"modified":"2024-01-07T21:24:25","modified_gmt":"2024-01-07T20:24:25","slug":"kontakt","status":"publish","type":"page","link":"https:\/\/chalet-lambertus.de\/index.php\/kontakt\/","title":{"rendered":"Anfrage"},"content":{"rendered":"\n<p>Senden Sie uns einfach Ihre Anfrage per Mail an <strong><a href=\"mailto:Laures@chalet-lambertus.de\">Laures@chalet-lambertus.de<\/a><\/strong> zu. Gerne beantworten wir Ihre Fragen und erstellen Ihnen ein individuelles Angebot f\u00fcr Ihren n\u00e4chsten Aufenthalt im Chalet Lambertus.<br>F\u00fcr eine Angebotserstellung ben\u00f6tigen wir die folgenden Informationen von Ihnen:<\/p>\n\n\n\n<ul class=\"wp-block-list\">\n<li>Vor- und Nachname<\/li>\n\n\n\n<li>EMail-Adresse<\/li>\n\n\n\n<li>Telefonnummer<\/li>\n\n\n\n<li>Welche Wohnung(en)? (Whg A \/ Whg B \/ beide Wohnungen \/ Whg B mit blockierter Whg A \/ Whg A mit blockierter Whg B )<\/li>\n\n\n\n<li>Anzahl der Personen (Erwachsene und Kinder)<\/li>\n\n\n\n<li>Anzahl der Hunde<\/li>\n\n\n\n<li>Anreisedatum<\/li>\n\n\n\n<li>Abreisedatum<\/li>\n<\/ul>\n\n\n\n<p>Wir bearbeiten Ihre Anfrage schnellstm\u00f6glich.<\/p>\n","protected":false},"excerpt":{"rendered":"<p>Senden Sie uns einfach Ihre Anfrage per Mail an Laures@chalet-lambertus.de zu. Gerne beantworten wir Ihre Fragen und erstellen Ihnen ein individuelles Angebot f\u00fcr Ihren n\u00e4chsten Aufenthalt im Chalet Lambertus.F\u00fcr eine Angebotserstellung ben\u00f6tigen wir die folgenden Informationen von Ihnen: Wir bearbeiten <a href=\"https:\/\/chalet-lambertus.de\/index.php\/kontakt\/\" class=\"more-link\">Weiterlesen<\/a><\/p>\n","protected":false},"author":1,"featured_media":0,"parent":0,"menu_order":0,"comment_status":"closed","ping_status":"closed","template":"","meta":{"footnotes":""},"class_list":["post-10","page","type-page","status-publish","hentry"],"_links":{"self":[{"href":"https:\/\/chalet-lambertus.de\/index.php\/wp-json\/wp\/v2\/pages\/10","targetHints":{"allow":["GET"]}}],"collection":[{"href":"https:\/\/chalet-lambertus.de\/index.php\/wp-json\/wp\/v2\/pages"}],"about":[{"href":"https:\/\/chalet-lambertus.de\/index.php\/wp-json\/wp\/v2\/types\/page"}],"author":[{"embeddable":true,"href":"https:\/\/chalet-lambertus.de\/index.php\/wp-json\/wp\/v2\/users\/1"}],"replies":[{"embeddable":true,"href":"https:\/\/chalet-lambertus.de\/index.php\/wp-json\/wp\/v2\/comments?post=10"}],"version-history":[{"count":10,"href":"https:\/\/chalet-lambertus.de\/index.php\/wp-json\/wp\/v2\/pages\/10\/revisions"}],"predecessor-version":[{"id":481,"href":"https:\/\/chalet-lambertus.de\/index.php\/wp-json\/wp\/v2\/pages\/10\/revisions\/481"}],"wp:attachment":[{"href":"https:\/\/chalet-lambertus.de\/index.php\/wp-json\/wp\/v2\/media?parent=10"}],"curies":[{"name":"wp","href":"https:\/\/api.w.org\/{rel}","templated":true}]}}